{"id":12,"date":"2026-03-11T17:33:33","date_gmt":"2026-03-11T17:33:33","guid":{"rendered":"https:\/\/diamantinaimoveis.com.br\/?page_id=12"},"modified":"2026-03-11T18:15:01","modified_gmt":"2026-03-11T18:15:01","slug":"diamantina-imoveis","status":"publish","type":"page","link":"https:\/\/diamantinaimoveis.com.br\/","title":{"rendered":"Diamantina Im\u00f3veis"},"content":{"rendered":"\t\t<div data-elementor-type=\"wp-page\" data-elementor-id=\"12\" class=\"elementor elementor-12\" data-elementor-post-type=\"page\">\n\t\t\t\t<div class=\"elementor-element elementor-element-d2c6144 e-flex e-con-boxed e-con e-parent\" data-id=\"d2c6144\" data-element_type=\"container\" data-e-type=\"container\">\n\t\t\t\t\t<div class=\"e-con-inner\">\n\t\t\t\t<div class=\"elementor-element elementor-element-3bacba8 animated-slow elementor-invisible elementor-widget elementor-widget-image\" data-id=\"3bacba8\" data-element_type=\"widget\" data-e-type=\"widget\" data-settings=\"{&quot;_animation&quot;:&quot;fadeInDown&quot;}\" data-widget_type=\"image.default\">\n\t\t\t\t\t\t\t\t\t\t\t\t\t\t\t<img fetchpriority=\"high\" decoding=\"async\" width=\"768\" height=\"768\" src=\"https:\/\/diamantinaimoveis.com.br\/wp-content\/uploads\/2026\/03\/Logo-fundo-transparente-768x768.png\" class=\"attachment-medium_large size-medium_large wp-image-27\" alt=\"\" srcset=\"https:\/\/diamantinaimoveis.com.br\/wp-content\/uploads\/2026\/03\/Logo-fundo-transparente-768x768.png 768w, https:\/\/diamantinaimoveis.com.br\/wp-content\/uploads\/2026\/03\/Logo-fundo-transparente-300x300.png 300w, https:\/\/diamantinaimoveis.com.br\/wp-content\/uploads\/2026\/03\/Logo-fundo-transparente-1024x1024.png 1024w, https:\/\/diamantinaimoveis.com.br\/wp-content\/uploads\/2026\/03\/Logo-fundo-transparente-150x150.png 150w, https:\/\/diamantinaimoveis.com.br\/wp-content\/uploads\/2026\/03\/Logo-fundo-transparente-1536x1536.png 1536w, https:\/\/diamantinaimoveis.com.br\/wp-content\/uploads\/2026\/03\/Logo-fundo-transparente-2048x2048.png 2048w\" sizes=\"(max-width: 768px) 100vw, 768px\" \/>\t\t\t\t\t\t\t\t\t\t\t\t\t\t\t<\/div>\n\t\t\t\t\t<\/div>\n\t\t\t\t<\/div>\n\t\t<div class=\"elementor-element elementor-element-0445228 e-con-full e-flex e-con e-parent\" data-id=\"0445228\" data-element_type=\"container\" data-e-type=\"container\">\n\t\t\t\t<div class=\"elementor-element elementor-element-8de7491 elementor-invisible elementor-widget elementor-widget-progress\" data-id=\"8de7491\" data-element_type=\"widget\" data-e-type=\"widget\" data-settings=\"{&quot;_animation&quot;:&quot;fadeIn&quot;,&quot;_animation_delay&quot;:50}\" data-widget_type=\"progress.default\">\n\t\t\t\t\t\n\t\t<div class=\"elementor-progress-wrapper\" role=\"progressbar\" aria-valuemin=\"0\" aria-valuemax=\"100\" aria-valuenow=\"39\">\n\t\t\t<div class=\"elementor-progress-bar\" data-max=\"39\">\n\t\t\t\t<span class=\"elementor-progress-text\"><\/span>\n\t\t\t\t\t\t\t\t\t<span class=\"elementor-progress-percentage\">39%<\/span>\n\t\t\t\t\t\t\t<\/div>\n\t\t<\/div>\n\t\t\t\t\t\t<\/div>\n\t\t\t\t<div class=\"elementor-element elementor-element-3cf3ea8 elementor-widget elementor-widget-spacer\" data-id=\"3cf3ea8\" data-element_type=\"widget\" data-e-type=\"widget\" data-widget_type=\"spacer.default\">\n\t\t\t\t\t\t\t<div class=\"elementor-spacer\">\n\t\t\t<div class=\"elementor-spacer-inner\"><\/div>\n\t\t<\/div>\n\t\t\t\t\t\t<\/div>\n\t\t\t\t<\/div>\n\t\t<div class=\"elementor-element elementor-element-8c2bec0 e-flex e-con-boxed e-con e-parent\" data-id=\"8c2bec0\" data-element_type=\"container\" data-e-type=\"container\">\n\t\t\t\t\t<div class=\"e-con-inner\">\n\t\t\t\t<div class=\"elementor-element elementor-element-8e6b034 elementor-widget elementor-widget-spacer\" data-id=\"8e6b034\" data-element_type=\"widget\" data-e-type=\"widget\" data-widget_type=\"spacer.default\">\n\t\t\t\t\t\t\t<div class=\"elementor-spacer\">\n\t\t\t<div class=\"elementor-spacer-inner\"><\/div>\n\t\t<\/div>\n\t\t\t\t\t\t<\/div>\n\t\t\t\t<div class=\"elementor-element elementor-element-24ee143 elementor-button-info elementor-align-center elementor-invisible elementor-widget elementor-widget-button\" data-id=\"24ee143\" data-element_type=\"widget\" data-e-type=\"widget\" data-settings=\"{&quot;_animation&quot;:&quot;fadeInUp&quot;,&quot;_animation_delay&quot;:150}\" data-widget_type=\"button.default\">\n\t\t\t\t\t\t\t\t\t\t<a class=\"elementor-button elementor-button-link elementor-size-sm\" href=\"https:\/\/wa.me\/553334500000?text=Quero%20saber%20mais%20sobre%20o%20projeto%20do%20Diamantina%20Im%C3%B3veis\" target=\"_blank\">\n\t\t\t\t\t\t<span class=\"elementor-button-content-wrapper\">\n\t\t\t\t\t\t\t\t\t<span class=\"elementor-button-text\">Quer saber mais ? Envie mensagem<\/span>\n\t\t\t\t\t<\/span>\n\t\t\t\t\t<\/a>\n\t\t\t\t\t\t\t\t<\/div>\n\t\t\t\t\t<\/div>\n\t\t\t\t<\/div>\n\t\t<div class=\"elementor-element elementor-element-04570d7 e-flex e-con-boxed e-con e-parent\" data-id=\"04570d7\" data-element_type=\"container\" data-e-type=\"container\">\n\t\t\t\t\t<div class=\"e-con-inner\">\n\t\t\t\t<div class=\"elementor-element elementor-element-759ab38 elementor-widget elementor-widget-text-editor\" data-id=\"759ab38\" data-element_type=\"widget\" data-e-type=\"widget\" data-widget_type=\"text-editor.default\">\n\t\t\t\t\t\t\t\t\t<p>aluguel em Diamantina, aluguel de apartamentos, aluguel de apartamento, aluguel de casas, aluguel de casa, alugue em Diamantina, imobili\u00e1ria, imobili\u00e1ria em Diamantina, aluguel<\/p>\t\t\t\t\t\t\t\t<\/div>\n\t\t\t\t\t<\/div>\n\t\t\t\t<\/div>\n\t\t\t\t<\/div>\n\t\t","protected":false},"excerpt":{"rendered":"<p>39% Quer saber mais ? Envie mensagem aluguel em Diamantina, aluguel de apartamentos, aluguel de apartamento, aluguel de casas, aluguel de casa, alugue em Diamantina, imobili\u00e1ria, imobili\u00e1ria em Diamantina, aluguel<\/p>\n","protected":false},"author":1,"featured_media":0,"parent":0,"menu_order":0,"comment_status":"closed","ping_status":"closed","template":"elementor_canvas","meta":{"footnotes":""},"class_list":["post-12","page","type-page","status-publish","hentry"],"yoast_head":"<!-- This site is optimized with the Yoast SEO plugin v27.1.1 - https:\/\/yoast.com\/product\/yoast-seo-wordpress\/ -->\n<title>Diamantina Im\u00f3veis - Aluguel de Im\u00f3veis em Diamantina<\/title>\n<meta name=\"robots\" content=\"index, follow, max-snippet:-1, max-image-preview:large, max-video-preview:-1\" \/>\n<link rel=\"canonical\" href=\"https:\/\/diamantinaimoveis.com.br\/\" \/>\n<meta property=\"og:locale\" content=\"pt_BR\" \/>\n<meta property=\"og:type\" content=\"article\" \/>\n<meta property=\"og:title\" content=\"Diamantina Im\u00f3veis - Aluguel de Im\u00f3veis em Diamantina\" \/>\n<meta property=\"og:description\" content=\"39% Quer saber mais ? Envie mensagem aluguel em Diamantina, aluguel de apartamentos, aluguel de apartamento, aluguel de casas, aluguel de casa, alugue em Diamantina, imobili\u00e1ria, imobili\u00e1ria em Diamantina, aluguel\" \/>\n<meta property=\"og:url\" content=\"https:\/\/diamantinaimoveis.com.br\/\" \/>\n<meta property=\"og:site_name\" content=\"Aluguel de Im\u00f3veis em Diamantina\" \/>\n<meta property=\"article:modified_time\" content=\"2026-03-11T18:15:01+00:00\" \/>\n<meta property=\"og:image\" content=\"https:\/\/diamantinaimoveis.com.br\/wp-content\/uploads\/2026\/03\/Logo-fundo-transparente-scaled.png\" \/>\n\t<meta property=\"og:image:width\" content=\"2560\" \/>\n\t<meta property=\"og:image:height\" content=\"2560\" \/>\n\t<meta property=\"og:image:type\" content=\"image\/png\" \/>\n<meta name=\"twitter:card\" content=\"summary_large_image\" \/>\n<script type=\"application\/ld+json\" class=\"yoast-schema-graph\">{\"@context\":\"https:\/\/schema.org\",\"@graph\":[{\"@type\":\"WebPage\",\"@id\":\"https:\/\/diamantinaimoveis.com.br\/\",\"url\":\"https:\/\/diamantinaimoveis.com.br\/\",\"name\":\"Diamantina Im\u00f3veis - Aluguel de Im\u00f3veis em Diamantina\",\"isPartOf\":{\"@id\":\"https:\/\/diamantinaimoveis.com.br\/#website\"},\"primaryImageOfPage\":{\"@id\":\"https:\/\/diamantinaimoveis.com.br\/#primaryimage\"},\"image\":{\"@id\":\"https:\/\/diamantinaimoveis.com.br\/#primaryimage\"},\"thumbnailUrl\":\"https:\/\/diamantinaimoveis.com.br\/wp-content\/uploads\/2026\/03\/Logo-fundo-transparente-768x768.png\",\"datePublished\":\"2026-03-11T17:33:33+00:00\",\"dateModified\":\"2026-03-11T18:15:01+00:00\",\"breadcrumb\":{\"@id\":\"https:\/\/diamantinaimoveis.com.br\/#breadcrumb\"},\"inLanguage\":\"pt-BR\",\"potentialAction\":[{\"@type\":\"ReadAction\",\"target\":[\"https:\/\/diamantinaimoveis.com.br\/\"]}]},{\"@type\":\"ImageObject\",\"inLanguage\":\"pt-BR\",\"@id\":\"https:\/\/diamantinaimoveis.com.br\/#primaryimage\",\"url\":\"https:\/\/diamantinaimoveis.com.br\/wp-content\/uploads\/2026\/03\/Logo-fundo-transparente-scaled.png\",\"contentUrl\":\"https:\/\/diamantinaimoveis.com.br\/wp-content\/uploads\/2026\/03\/Logo-fundo-transparente-scaled.png\",\"width\":2560,\"height\":2560},{\"@type\":\"BreadcrumbList\",\"@id\":\"https:\/\/diamantinaimoveis.com.br\/#breadcrumb\",\"itemListElement\":[{\"@type\":\"ListItem\",\"position\":1,\"name\":\"In\u00edcio\",\"item\":\"https:\/\/diamantinaimoveis.com.br\/\"},{\"@type\":\"ListItem\",\"position\":2,\"name\":\"Diamantina Im\u00f3veis\"}]},{\"@type\":\"WebSite\",\"@id\":\"https:\/\/diamantinaimoveis.com.br\/#website\",\"url\":\"https:\/\/diamantinaimoveis.com.br\/\",\"name\":\"Aluguel de Im\u00f3veis em Diamantina\",\"description\":\"Os melhores im\u00f3veis, aluguel sem complica\u00e7\u00e3o, em breve!\",\"publisher\":{\"@id\":\"https:\/\/diamantinaimoveis.com.br\/#organization\"},\"potentialAction\":[{\"@type\":\"SearchAction\",\"target\":{\"@type\":\"EntryPoint\",\"urlTemplate\":\"https:\/\/diamantinaimoveis.com.br\/?s={search_term_string}\"},\"query-input\":{\"@type\":\"PropertyValueSpecification\",\"valueRequired\":true,\"valueName\":\"search_term_string\"}}],\"inLanguage\":\"pt-BR\"},{\"@type\":\"Organization\",\"@id\":\"https:\/\/diamantinaimoveis.com.br\/#organization\",\"name\":\"Aluguel de Im\u00f3veis em Diamantina\",\"url\":\"https:\/\/diamantinaimoveis.com.br\/\",\"logo\":{\"@type\":\"ImageObject\",\"inLanguage\":\"pt-BR\",\"@id\":\"https:\/\/diamantinaimoveis.com.br\/#\/schema\/logo\/image\/\",\"url\":\"https:\/\/diamantinaimoveis.com.br\/wp-content\/uploads\/2026\/03\/cropped-Icone-scaled-1.png\",\"contentUrl\":\"https:\/\/diamantinaimoveis.com.br\/wp-content\/uploads\/2026\/03\/cropped-Icone-scaled-1.png\",\"width\":931,\"height\":714,\"caption\":\"Aluguel de Im\u00f3veis em Diamantina\"},\"image\":{\"@id\":\"https:\/\/diamantinaimoveis.com.br\/#\/schema\/logo\/image\/\"}}]}<\/script>\n<!-- \/ Yoast SEO plugin. -->","yoast_head_json":{"title":"Diamantina Im\u00f3veis - Aluguel de Im\u00f3veis em Diamantina","robots":{"index":"index","follow":"follow","max-snippet":"max-snippet:-1","max-image-preview":"max-image-preview:large","max-video-preview":"max-video-preview:-1"},"canonical":"https:\/\/diamantinaimoveis.com.br\/","og_locale":"pt_BR","og_type":"article","og_title":"Diamantina Im\u00f3veis - Aluguel de Im\u00f3veis em Diamantina","og_description":"39% Quer saber mais ? Envie mensagem aluguel em Diamantina, aluguel de apartamentos, aluguel de apartamento, aluguel de casas, aluguel de casa, alugue em Diamantina, imobili\u00e1ria, imobili\u00e1ria em Diamantina, aluguel","og_url":"https:\/\/diamantinaimoveis.com.br\/","og_site_name":"Aluguel de Im\u00f3veis em Diamantina","article_modified_time":"2026-03-11T18:15:01+00:00","og_image":[{"width":2560,"height":2560,"url":"https:\/\/diamantinaimoveis.com.br\/wp-content\/uploads\/2026\/03\/Logo-fundo-transparente-scaled.png","type":"image\/png"}],"twitter_card":"summary_large_image","schema":{"@context":"https:\/\/schema.org","@graph":[{"@type":"WebPage","@id":"https:\/\/diamantinaimoveis.com.br\/","url":"https:\/\/diamantinaimoveis.com.br\/","name":"Diamantina Im\u00f3veis - Aluguel de Im\u00f3veis em Diamantina","isPartOf":{"@id":"https:\/\/diamantinaimoveis.com.br\/#website"},"primaryImageOfPage":{"@id":"https:\/\/diamantinaimoveis.com.br\/#primaryimage"},"image":{"@id":"https:\/\/diamantinaimoveis.com.br\/#primaryimage"},"thumbnailUrl":"https:\/\/diamantinaimoveis.com.br\/wp-content\/uploads\/2026\/03\/Logo-fundo-transparente-768x768.png","datePublished":"2026-03-11T17:33:33+00:00","dateModified":"2026-03-11T18:15:01+00:00","breadcrumb":{"@id":"https:\/\/diamantinaimoveis.com.br\/#breadcrumb"},"inLanguage":"pt-BR","potentialAction":[{"@type":"ReadAction","target":["https:\/\/diamantinaimoveis.com.br\/"]}]},{"@type":"ImageObject","inLanguage":"pt-BR","@id":"https:\/\/diamantinaimoveis.com.br\/#primaryimage","url":"https:\/\/diamantinaimoveis.com.br\/wp-content\/uploads\/2026\/03\/Logo-fundo-transparente-scaled.png","contentUrl":"https:\/\/diamantinaimoveis.com.br\/wp-content\/uploads\/2026\/03\/Logo-fundo-transparente-scaled.png","width":2560,"height":2560},{"@type":"BreadcrumbList","@id":"https:\/\/diamantinaimoveis.com.br\/#breadcrumb","itemListElement":[{"@type":"ListItem","position":1,"name":"In\u00edcio","item":"https:\/\/diamantinaimoveis.com.br\/"},{"@type":"ListItem","position":2,"name":"Diamantina Im\u00f3veis"}]},{"@type":"WebSite","@id":"https:\/\/diamantinaimoveis.com.br\/#website","url":"https:\/\/diamantinaimoveis.com.br\/","name":"Aluguel de Im\u00f3veis em Diamantina","description":"Os melhores im\u00f3veis, aluguel sem complica\u00e7\u00e3o, em breve!","publisher":{"@id":"https:\/\/diamantinaimoveis.com.br\/#organization"},"potentialAction":[{"@type":"SearchAction","target":{"@type":"EntryPoint","urlTemplate":"https:\/\/diamantinaimoveis.com.br\/?s={search_term_string}"},"query-input":{"@type":"PropertyValueSpecification","valueRequired":true,"valueName":"search_term_string"}}],"inLanguage":"pt-BR"},{"@type":"Organization","@id":"https:\/\/diamantinaimoveis.com.br\/#organization","name":"Aluguel de Im\u00f3veis em Diamantina","url":"https:\/\/diamantinaimoveis.com.br\/","logo":{"@type":"ImageObject","inLanguage":"pt-BR","@id":"https:\/\/diamantinaimoveis.com.br\/#\/schema\/logo\/image\/","url":"https:\/\/diamantinaimoveis.com.br\/wp-content\/uploads\/2026\/03\/cropped-Icone-scaled-1.png","contentUrl":"https:\/\/diamantinaimoveis.com.br\/wp-content\/uploads\/2026\/03\/cropped-Icone-scaled-1.png","width":931,"height":714,"caption":"Aluguel de Im\u00f3veis em Diamantina"},"image":{"@id":"https:\/\/diamantinaimoveis.com.br\/#\/schema\/logo\/image\/"}}]}},"_links":{"self":[{"href":"https:\/\/diamantinaimoveis.com.br\/index.php\/wp-json\/wp\/v2\/pages\/12","targetHints":{"allow":["GET"]}}],"collection":[{"href":"https:\/\/diamantinaimoveis.com.br\/index.php\/wp-json\/wp\/v2\/pages"}],"about":[{"href":"https:\/\/diamantinaimoveis.com.br\/index.php\/wp-json\/wp\/v2\/types\/page"}],"author":[{"embeddable":true,"href":"https:\/\/diamantinaimoveis.com.br\/index.php\/wp-json\/wp\/v2\/users\/1"}],"replies":[{"embeddable":true,"href":"https:\/\/diamantinaimoveis.com.br\/index.php\/wp-json\/wp\/v2\/comments?post=12"}],"version-history":[{"count":43,"href":"https:\/\/diamantinaimoveis.com.br\/index.php\/wp-json\/wp\/v2\/pages\/12\/revisions"}],"predecessor-version":[{"id":70,"href":"https:\/\/diamantinaimoveis.com.br\/index.php\/wp-json\/wp\/v2\/pages\/12\/revisions\/70"}],"wp:attachment":[{"href":"https:\/\/diamantinaimoveis.com.br\/index.php\/wp-json\/wp\/v2\/media?parent=12"}],"curies":[{"name":"wp","href":"https:\/\/api.w.org\/{rel}","templated":true}]}}